{"id":455,"date":"2025-09-11T17:52:44","date_gmt":"2025-09-11T15:52:44","guid":{"rendered":"https:\/\/nll.cat\/producte\/consultoria-en-gestion-de-inmuebles\/"},"modified":"2025-09-11T17:52:44","modified_gmt":"2025-09-11T15:52:44","slug":"consultoria-en-gestion-de-inmuebles","status":"publish","type":"product","link":"https:\/\/nll.cat\/es\/producte\/consultoria-en-gestion-de-inmuebles\/","title":{"rendered":"Consultor\u00eda en gesti\u00f3n de inmuebles"},"content":{"rendered":"<p>Optimizamos el rendimiento de su patrimonio inmobiliario con una gesti\u00f3n integral y personalizada. Analizamos cada propiedad para maximizar ingresos, reducir gastos y garantizar el cumplimiento legal y fiscal.<br data-start=\"334\" data-end=\"337\"> Desde la administraci\u00f3n de alquileres y mantenimiento hasta el asesoramiento en inversiones y ventas, te ofrecemos soluciones a medida para sacarle el m\u00e1ximo provecho de cada inmueble.<\/p>\n","protected":false},"excerpt":{"rendered":"<p>Optimizamos el rendimiento de su patrimonio inmobiliario con una gesti\u00f3n integral y personalizada. Analizamos cada propiedad para maximizar ingresos, reducir gastos y garantizar el cumplimiento legal y fiscal. Desde la administraci\u00f3n de alquileres y mantenimiento hasta el asesoramiento en inversiones y ventas, te ofrecemos soluciones a medida para sacarle el m\u00e1ximo provecho de cada inmueble.<\/p>\n","protected":false},"featured_media":159,"comment_status":"closed","ping_status":"closed","template":"","meta":[],"product_brand":[],"product_cat":[37],"product_tag":[],"class_list":{"0":"post-455","1":"product","2":"type-product","3":"status-publish","4":"has-post-thumbnail","6":"product_cat-sin-categoria","8":"first","9":"instock","10":"virtual","11":"taxable","12":"purchasable","13":"product-type-simple"},"yoast_head":"<!-- This site is optimized with the Yoast SEO plugin v27.3 - https:\/\/yoast.com\/product\/yoast-seo-wordpress\/ -->\n<title>Consultor\u00eda en gesti\u00f3n de inmuebles - NLL Gesti\u00f3<\/title>\n<meta name=\"robots\" content=\"index, follow, max-snippet:-1, max-image-preview:large, max-video-preview:-1\" \/>\n<link rel=\"canonical\" href=\"https:\/\/nll.cat\/es\/producte\/consultoria-en-gestion-de-inmuebles\/\" \/>\n<meta property=\"og:locale\" content=\"es_ES\" \/>\n<meta property=\"og:type\" content=\"article\" \/>\n<meta property=\"og:title\" content=\"Consultor\u00eda en gesti\u00f3n de inmuebles - NLL Gesti\u00f3\" \/>\n<meta property=\"og:description\" content=\"Optimizamos el rendimiento de su patrimonio inmobiliario con una gesti\u00f3n integral y personalizada. Analizamos cada propiedad para maximizar ingresos, reducir gastos y garantizar el cumplimiento legal y fiscal. Desde la administraci\u00f3n de alquileres y mantenimiento hasta el asesoramiento en inversiones y ventas, te ofrecemos soluciones a medida para sacarle el m\u00e1ximo provecho de cada inmueble.\" \/>\n<meta property=\"og:url\" content=\"https:\/\/nll.cat\/es\/producte\/consultoria-en-gestion-de-inmuebles\/\" \/>\n<meta property=\"og:site_name\" content=\"NLL Gesti\u00f3\" \/>\n<meta property=\"og:image\" content=\"https:\/\/nll.cat\/wp-content\/uploads\/2025\/06\/nll-gestio.webp\" \/>\n\t<meta property=\"og:image:width\" content=\"1390\" \/>\n\t<meta property=\"og:image:height\" content=\"948\" \/>\n\t<meta property=\"og:image:type\" content=\"image\/webp\" \/>\n<meta name=\"twitter:card\" content=\"summary_large_image\" \/>\n<script type=\"application\/ld+json\" class=\"yoast-schema-graph\">{\"@context\":\"https:\\\/\\\/schema.org\",\"@graph\":[{\"@type\":\"WebPage\",\"@id\":\"https:\\\/\\\/nll.cat\\\/es\\\/producte\\\/consultoria-en-gestion-de-inmuebles\\\/\",\"url\":\"https:\\\/\\\/nll.cat\\\/es\\\/producte\\\/consultoria-en-gestion-de-inmuebles\\\/\",\"name\":\"Consultor\u00eda en gesti\u00f3n de inmuebles - NLL Gesti\u00f3\",\"isPartOf\":{\"@id\":\"https:\\\/\\\/nll.cat\\\/es\\\/#website\"},\"primaryImageOfPage\":{\"@id\":\"https:\\\/\\\/nll.cat\\\/es\\\/producte\\\/consultoria-en-gestion-de-inmuebles\\\/#primaryimage\"},\"image\":{\"@id\":\"https:\\\/\\\/nll.cat\\\/es\\\/producte\\\/consultoria-en-gestion-de-inmuebles\\\/#primaryimage\"},\"thumbnailUrl\":\"https:\\\/\\\/nll.cat\\\/wp-content\\\/uploads\\\/2025\\\/06\\\/nll-gestio.webp\",\"datePublished\":\"2025-09-11T15:52:44+00:00\",\"breadcrumb\":{\"@id\":\"https:\\\/\\\/nll.cat\\\/es\\\/producte\\\/consultoria-en-gestion-de-inmuebles\\\/#breadcrumb\"},\"inLanguage\":\"es\",\"potentialAction\":[{\"@type\":\"ReadAction\",\"target\":[\"https:\\\/\\\/nll.cat\\\/es\\\/producte\\\/consultoria-en-gestion-de-inmuebles\\\/\"]}]},{\"@type\":\"ImageObject\",\"inLanguage\":\"es\",\"@id\":\"https:\\\/\\\/nll.cat\\\/es\\\/producte\\\/consultoria-en-gestion-de-inmuebles\\\/#primaryimage\",\"url\":\"https:\\\/\\\/nll.cat\\\/wp-content\\\/uploads\\\/2025\\\/06\\\/nll-gestio.webp\",\"contentUrl\":\"https:\\\/\\\/nll.cat\\\/wp-content\\\/uploads\\\/2025\\\/06\\\/nll-gestio.webp\",\"width\":1390,\"height\":948},{\"@type\":\"BreadcrumbList\",\"@id\":\"https:\\\/\\\/nll.cat\\\/es\\\/producte\\\/consultoria-en-gestion-de-inmuebles\\\/#breadcrumb\",\"itemListElement\":[{\"@type\":\"ListItem\",\"position\":1,\"name\":\"Inici\",\"item\":\"https:\\\/\\\/nll.cat\\\/es\\\/\"},{\"@type\":\"ListItem\",\"position\":2,\"name\":\"Consultor\u00eda\",\"item\":\"https:\\\/\\\/nll.cat\\\/es\\\/tienda\\\/\"},{\"@type\":\"ListItem\",\"position\":3,\"name\":\"Consultor\u00eda en gesti\u00f3n de inmuebles\"}]},{\"@type\":\"WebSite\",\"@id\":\"https:\\\/\\\/nll.cat\\\/es\\\/#website\",\"url\":\"https:\\\/\\\/nll.cat\\\/es\\\/\",\"name\":\"NLL Gesti\u00f3\",\"description\":\"Gesti\u00f3 immobiliaria professional\",\"publisher\":{\"@id\":\"https:\\\/\\\/nll.cat\\\/es\\\/#organization\"},\"potentialAction\":[{\"@type\":\"SearchAction\",\"target\":{\"@type\":\"EntryPoint\",\"urlTemplate\":\"https:\\\/\\\/nll.cat\\\/es\\\/?s={search_term_string}\"},\"query-input\":{\"@type\":\"PropertyValueSpecification\",\"valueRequired\":true,\"valueName\":\"search_term_string\"}}],\"inLanguage\":\"es\"},{\"@type\":\"Organization\",\"@id\":\"https:\\\/\\\/nll.cat\\\/es\\\/#organization\",\"name\":\"NLL Gesti\u00f3\",\"url\":\"https:\\\/\\\/nll.cat\\\/es\\\/\",\"logo\":{\"@type\":\"ImageObject\",\"inLanguage\":\"es\",\"@id\":\"https:\\\/\\\/nll.cat\\\/es\\\/#\\\/schema\\\/logo\\\/image\\\/\",\"url\":\"https:\\\/\\\/nll.cat\\\/wp-content\\\/uploads\\\/2025\\\/06\\\/NLL-Gestio-logotip-nebre.png\",\"contentUrl\":\"https:\\\/\\\/nll.cat\\\/wp-content\\\/uploads\\\/2025\\\/06\\\/NLL-Gestio-logotip-nebre.png\",\"width\":389,\"height\":150,\"caption\":\"NLL Gesti\u00f3\"},\"image\":{\"@id\":\"https:\\\/\\\/nll.cat\\\/es\\\/#\\\/schema\\\/logo\\\/image\\\/\"}}]}<\/script>\n<!-- \/ Yoast SEO plugin. -->","yoast_head_json":{"title":"Consultor\u00eda en gesti\u00f3n de inmuebles - NLL Gesti\u00f3","robots":{"index":"index","follow":"follow","max-snippet":"max-snippet:-1","max-image-preview":"max-image-preview:large","max-video-preview":"max-video-preview:-1"},"canonical":"https:\/\/nll.cat\/es\/producte\/consultoria-en-gestion-de-inmuebles\/","og_locale":"es_ES","og_type":"article","og_title":"Consultor\u00eda en gesti\u00f3n de inmuebles - NLL Gesti\u00f3","og_description":"Optimizamos el rendimiento de su patrimonio inmobiliario con una gesti\u00f3n integral y personalizada. Analizamos cada propiedad para maximizar ingresos, reducir gastos y garantizar el cumplimiento legal y fiscal. Desde la administraci\u00f3n de alquileres y mantenimiento hasta el asesoramiento en inversiones y ventas, te ofrecemos soluciones a medida para sacarle el m\u00e1ximo provecho de cada inmueble.","og_url":"https:\/\/nll.cat\/es\/producte\/consultoria-en-gestion-de-inmuebles\/","og_site_name":"NLL Gesti\u00f3","og_image":[{"width":1390,"height":948,"url":"https:\/\/nll.cat\/wp-content\/uploads\/2025\/06\/nll-gestio.webp","type":"image\/webp"}],"twitter_card":"summary_large_image","schema":{"@context":"https:\/\/schema.org","@graph":[{"@type":"WebPage","@id":"https:\/\/nll.cat\/es\/producte\/consultoria-en-gestion-de-inmuebles\/","url":"https:\/\/nll.cat\/es\/producte\/consultoria-en-gestion-de-inmuebles\/","name":"Consultor\u00eda en gesti\u00f3n de inmuebles - NLL Gesti\u00f3","isPartOf":{"@id":"https:\/\/nll.cat\/es\/#website"},"primaryImageOfPage":{"@id":"https:\/\/nll.cat\/es\/producte\/consultoria-en-gestion-de-inmuebles\/#primaryimage"},"image":{"@id":"https:\/\/nll.cat\/es\/producte\/consultoria-en-gestion-de-inmuebles\/#primaryimage"},"thumbnailUrl":"https:\/\/nll.cat\/wp-content\/uploads\/2025\/06\/nll-gestio.webp","datePublished":"2025-09-11T15:52:44+00:00","breadcrumb":{"@id":"https:\/\/nll.cat\/es\/producte\/consultoria-en-gestion-de-inmuebles\/#breadcrumb"},"inLanguage":"es","potentialAction":[{"@type":"ReadAction","target":["https:\/\/nll.cat\/es\/producte\/consultoria-en-gestion-de-inmuebles\/"]}]},{"@type":"ImageObject","inLanguage":"es","@id":"https:\/\/nll.cat\/es\/producte\/consultoria-en-gestion-de-inmuebles\/#primaryimage","url":"https:\/\/nll.cat\/wp-content\/uploads\/2025\/06\/nll-gestio.webp","contentUrl":"https:\/\/nll.cat\/wp-content\/uploads\/2025\/06\/nll-gestio.webp","width":1390,"height":948},{"@type":"BreadcrumbList","@id":"https:\/\/nll.cat\/es\/producte\/consultoria-en-gestion-de-inmuebles\/#breadcrumb","itemListElement":[{"@type":"ListItem","position":1,"name":"Inici","item":"https:\/\/nll.cat\/es\/"},{"@type":"ListItem","position":2,"name":"Consultor\u00eda","item":"https:\/\/nll.cat\/es\/tienda\/"},{"@type":"ListItem","position":3,"name":"Consultor\u00eda en gesti\u00f3n de inmuebles"}]},{"@type":"WebSite","@id":"https:\/\/nll.cat\/es\/#website","url":"https:\/\/nll.cat\/es\/","name":"NLL Gesti\u00f3","description":"Gesti\u00f3 immobiliaria professional","publisher":{"@id":"https:\/\/nll.cat\/es\/#organization"},"potentialAction":[{"@type":"SearchAction","target":{"@type":"EntryPoint","urlTemplate":"https:\/\/nll.cat\/es\/?s={search_term_string}"},"query-input":{"@type":"PropertyValueSpecification","valueRequired":true,"valueName":"search_term_string"}}],"inLanguage":"es"},{"@type":"Organization","@id":"https:\/\/nll.cat\/es\/#organization","name":"NLL Gesti\u00f3","url":"https:\/\/nll.cat\/es\/","logo":{"@type":"ImageObject","inLanguage":"es","@id":"https:\/\/nll.cat\/es\/#\/schema\/logo\/image\/","url":"https:\/\/nll.cat\/wp-content\/uploads\/2025\/06\/NLL-Gestio-logotip-nebre.png","contentUrl":"https:\/\/nll.cat\/wp-content\/uploads\/2025\/06\/NLL-Gestio-logotip-nebre.png","width":389,"height":150,"caption":"NLL Gesti\u00f3"},"image":{"@id":"https:\/\/nll.cat\/es\/#\/schema\/logo\/image\/"}}]}},"_links":{"self":[{"href":"https:\/\/nll.cat\/es\/wp-json\/wp\/v2\/product\/455","targetHints":{"allow":["GET"]}}],"collection":[{"href":"https:\/\/nll.cat\/es\/wp-json\/wp\/v2\/product"}],"about":[{"href":"https:\/\/nll.cat\/es\/wp-json\/wp\/v2\/types\/product"}],"replies":[{"embeddable":true,"href":"https:\/\/nll.cat\/es\/wp-json\/wp\/v2\/comments?post=455"}],"wp:featuredmedia":[{"embeddable":true,"href":"https:\/\/nll.cat\/es\/wp-json\/wp\/v2\/media\/159"}],"wp:attachment":[{"href":"https:\/\/nll.cat\/es\/wp-json\/wp\/v2\/media?parent=455"}],"wp:term":[{"taxonomy":"product_brand","embeddable":true,"href":"https:\/\/nll.cat\/es\/wp-json\/wp\/v2\/product_brand?post=455"},{"taxonomy":"product_cat","embeddable":true,"href":"https:\/\/nll.cat\/es\/wp-json\/wp\/v2\/product_cat?post=455"},{"taxonomy":"product_tag","embeddable":true,"href":"https:\/\/nll.cat\/es\/wp-json\/wp\/v2\/product_tag?post=455"}],"curies":[{"name":"wp","href":"https:\/\/api.w.org\/{rel}","templated":true}]}}