{"id":276,"date":"2025-06-04T11:51:05","date_gmt":"2025-06-04T09:51:05","guid":{"rendered":"https:\/\/nll.cat\/faqs\/"},"modified":"2025-06-06T12:29:19","modified_gmt":"2025-06-06T10:29:19","slug":"faqs","status":"publish","type":"page","link":"https:\/\/nll.cat\/es\/faqs\/","title":{"rendered":"FAQ&#8217;s"},"content":{"rendered":"\t\t<div data-elementor-type=\"wp-page\" data-elementor-id=\"276\" class=\"elementor elementor-276 elementor-136\" data-elementor-post-type=\"page\">\n\t\t\t\t<div class=\"elementor-element elementor-element-59ff44d e-con-full e-flex e-con e-parent\" data-id=\"59ff44d\" data-element_type=\"container\" data-e-type=\"container\" data-settings=\"{&quot;background_background&quot;:&quot;classic&quot;}\">\n\t\t\t\t<div class=\"elementor-element elementor-element-b420114 elementor-widget elementor-widget-heading\" data-id=\"b420114\" data-element_type=\"widget\" data-e-type=\"widget\" data-widget_type=\"heading.default\">\n\t\t\t\t<div class=\"elementor-widget-container\">\n\t\t\t\t\t<h2 class=\"elementor-heading-title elementor-size-default\">FAQ's<\/h2>\t\t\t\t<\/div>\n\t\t\t\t<\/div>\n\t\t\t\t<\/div>\n\t\t<div class=\"elementor-element elementor-element-76a4bc7 e-flex e-con-boxed e-con e-parent\" data-id=\"76a4bc7\" data-element_type=\"container\" data-e-type=\"container\" data-settings=\"{&quot;background_background&quot;:&quot;classic&quot;}\">\n\t\t\t\t\t<div class=\"e-con-inner\">\n\t\t\t\t<div class=\"elementor-element elementor-element-f4d434f elementor-widget elementor-widget-heading\" data-id=\"f4d434f\" data-element_type=\"widget\" data-e-type=\"widget\" data-widget_type=\"heading.default\">\n\t\t\t\t<div class=\"elementor-widget-container\">\n\t\t\t\t\t<h2 class=\"elementor-heading-title elementor-size-default\">Consultas m\u00e1s frecuentes<\/h2>\t\t\t\t<\/div>\n\t\t\t\t<\/div>\n\t\t\t\t<div class=\"elementor-element elementor-element-aed9857 elementor-widget elementor-widget-n-accordion\" data-id=\"aed9857\" data-element_type=\"widget\" data-e-type=\"widget\" data-settings=\"{&quot;default_state&quot;:&quot;expanded&quot;,&quot;max_items_expended&quot;:&quot;one&quot;,&quot;n_accordion_animation_duration&quot;:{&quot;unit&quot;:&quot;ms&quot;,&quot;size&quot;:400,&quot;sizes&quot;:[]}}\" data-widget_type=\"nested-accordion.default\">\n\t\t\t\t<div class=\"elementor-widget-container\">\n\t\t\t\t\t\t\t<div class=\"e-n-accordion\" aria-label=\"Accordion. Open links with Enter or Space, close with Escape, and navigate with Arrow Keys\">\n\t\t\t\t\t\t<details id=\"e-n-accordion-item-1830\" class=\"e-n-accordion-item\" open>\n\t\t\t\t<summary class=\"e-n-accordion-item-title\" data-accordion-index=\"1\" tabindex=\"0\" aria-expanded=\"true\" aria-controls=\"e-n-accordion-item-1830\" >\n\t\t\t\t\t<span class='e-n-accordion-item-title-header'><div class=\"e-n-accordion-item-title-text\"> \u00bfQu\u00e9 coste tienen sus servicios? <\/div><\/span>\n\t\t\t\t\t\t\t<span class='e-n-accordion-item-title-icon'>\n\t\t\t<span class='e-opened' ><svg aria-hidden=\"true\" class=\"e-font-icon-svg e-fas-chevron-up\" viewBox=\"0 0 448 512\" xmlns=\"http:\/\/www.w3.org\/2000\/svg\"><path d=\"M240.971 130.524l194.343 194.343c9.373 9.373 9.373 24.569 0 33.941l-22.667 22.667c-9.357 9.357-24.522 9.375-33.901.04L224 227.495 69.255 381.516c-9.379 9.335-24.544 9.317-33.901-.04l-22.667-22.667c-9.373-9.373-9.373-24.569 0-33.941L207.03 130.525c9.372-9.373 24.568-9.373 33.941-.001z\"><\/path><\/svg><\/span>\n\t\t\t<span class='e-closed'><svg aria-hidden=\"true\" class=\"e-font-icon-svg e-fas-chevron-down\" viewBox=\"0 0 448 512\" xmlns=\"http:\/\/www.w3.org\/2000\/svg\"><path d=\"M207.029 381.476L12.686 187.132c-9.373-9.373-9.373-24.569 0-33.941l22.667-22.667c9.357-9.357 24.522-9.375 33.901-.04L224 284.505l154.745-154.021c9.379-9.335 24.544-9.317 33.901.04l22.667 22.667c9.373 9.373 9.373 24.569 0 33.941L240.971 381.476c-9.373 9.372-24.569 9.372-33.942 0z\"><\/path><\/svg><\/span>\n\t\t<\/span>\n\n\t\t\t\t\t\t<\/summary>\n\t\t\t\t<div role=\"region\" aria-labelledby=\"e-n-accordion-item-1830\" class=\"elementor-element elementor-element-c054f9d e-con-full e-flex e-con e-child\" data-id=\"c054f9d\" data-element_type=\"container\" data-e-type=\"container\">\n\t\t<div role=\"region\" aria-labelledby=\"e-n-accordion-item-1830\" class=\"elementor-element elementor-element-e5522cf e-flex e-con-boxed e-con e-child\" data-id=\"e5522cf\" data-element_type=\"container\" data-e-type=\"container\" data-settings=\"{&quot;background_background&quot;:&quot;classic&quot;}\">\n\t\t\t\t\t<div class=\"e-con-inner\">\n\t\t\t\t<div class=\"elementor-element elementor-element-c051856 elementor-widget elementor-widget-text-editor\" data-id=\"c051856\" data-element_type=\"widget\" data-e-type=\"widget\" data-widget_type=\"text-editor.default\">\n\t\t\t\t<div class=\"elementor-widget-container\">\n\t\t\t\t\t\t\t\t\t<p data-start=\"38\" data-end=\"407\">En NLL Gesti\u00f3 trabajamos con presupuestos personalizados, ya que cada cliente y cada inmueble tienen necesidades diferentes. El coste del servicio puede variar en funci\u00f3n de factores como el tipo de inmueble, su ubicaci\u00f3n, si se trata de una gesti\u00f3n puntual o integral, o si incluye servicios de comercializaci\u00f3n, mantenimiento o consultor\u00eda.<\/p><p data-start=\"409\" data-end=\"721\">No trabajamos con tarifas fijas porque queremos asegurarnos de que pagues s\u00f3lo por lo que realmente necesitas. Una vez que nos expliques tu situaci\u00f3n, te prepararemos una propuesta clara, detallada y adaptada a ti, sin ning\u00fan compromiso. Nuestro objetivo es ofrecer un servicio eficiente, transparente y rentable.<\/p>\t\t\t\t\t\t\t\t<\/div>\n\t\t\t\t<\/div>\n\t\t\t\t\t<\/div>\n\t\t\t\t<\/div>\n\t\t\t\t<\/div>\n\t\t\t\t\t<\/details>\n\t\t\t\t\t\t<details id=\"e-n-accordion-item-1831\" class=\"e-n-accordion-item\" >\n\t\t\t\t<summary class=\"e-n-accordion-item-title\" data-accordion-index=\"2\" tabindex=\"-1\" aria-expanded=\"false\" aria-controls=\"e-n-accordion-item-1831\" >\n\t\t\t\t\t<span class='e-n-accordion-item-title-header'><div class=\"e-n-accordion-item-title-text\"> \u00bfC\u00f3mo valora el precio de un inmueble para vender o alquilar? <\/div><\/span>\n\t\t\t\t\t\t\t<span class='e-n-accordion-item-title-icon'>\n\t\t\t<span class='e-opened' ><svg aria-hidden=\"true\" class=\"e-font-icon-svg e-fas-chevron-up\" viewBox=\"0 0 448 512\" xmlns=\"http:\/\/www.w3.org\/2000\/svg\"><path d=\"M240.971 130.524l194.343 194.343c9.373 9.373 9.373 24.569 0 33.941l-22.667 22.667c-9.357 9.357-24.522 9.375-33.901.04L224 227.495 69.255 381.516c-9.379 9.335-24.544 9.317-33.901-.04l-22.667-22.667c-9.373-9.373-9.373-24.569 0-33.941L207.03 130.525c9.372-9.373 24.568-9.373 33.941-.001z\"><\/path><\/svg><\/span>\n\t\t\t<span class='e-closed'><svg aria-hidden=\"true\" class=\"e-font-icon-svg e-fas-chevron-down\" viewBox=\"0 0 448 512\" xmlns=\"http:\/\/www.w3.org\/2000\/svg\"><path d=\"M207.029 381.476L12.686 187.132c-9.373-9.373-9.373-24.569 0-33.941l22.667-22.667c9.357-9.357 24.522-9.375 33.901-.04L224 284.505l154.745-154.021c9.379-9.335 24.544-9.317 33.901.04l22.667 22.667c9.373 9.373 9.373 24.569 0 33.941L240.971 381.476c-9.373 9.372-24.569 9.372-33.942 0z\"><\/path><\/svg><\/span>\n\t\t<\/span>\n\n\t\t\t\t\t\t<\/summary>\n\t\t\t\t<div role=\"region\" aria-labelledby=\"e-n-accordion-item-1831\" class=\"elementor-element elementor-element-12d8d3f e-con-full e-flex e-con e-child\" data-id=\"12d8d3f\" data-element_type=\"container\" data-e-type=\"container\">\n\t\t<div role=\"region\" aria-labelledby=\"e-n-accordion-item-1831\" class=\"elementor-element elementor-element-afefe80 e-flex e-con-boxed e-con e-child\" data-id=\"afefe80\" data-element_type=\"container\" data-e-type=\"container\" data-settings=\"{&quot;background_background&quot;:&quot;classic&quot;}\">\n\t\t\t\t\t<div class=\"e-con-inner\">\n\t\t\t\t<div class=\"elementor-element elementor-element-b76189c elementor-widget elementor-widget-text-editor\" data-id=\"b76189c\" data-element_type=\"widget\" data-e-type=\"widget\" data-widget_type=\"text-editor.default\">\n\t\t\t\t<div class=\"elementor-widget-container\">\n\t\t\t\t\t\t\t\t\t<p data-start=\"844\" data-end=\"1100\">Realizamos un an\u00e1lisis comparativo de mercado teniendo en cuenta la zona, el estado del inmueble y las tendencias actuales. Siempre te ofreceremos una valoraci\u00f3n realista y orientada a obtener el mejor resultado.<\/p>\t\t\t\t\t\t\t\t<\/div>\n\t\t\t\t<\/div>\n\t\t\t\t\t<\/div>\n\t\t\t\t<\/div>\n\t\t\t\t<\/div>\n\t\t\t\t\t<\/details>\n\t\t\t\t\t\t<details id=\"e-n-accordion-item-1832\" class=\"e-n-accordion-item\" >\n\t\t\t\t<summary class=\"e-n-accordion-item-title\" data-accordion-index=\"3\" tabindex=\"-1\" aria-expanded=\"false\" aria-controls=\"e-n-accordion-item-1832\" >\n\t\t\t\t\t<span class='e-n-accordion-item-title-header'><div class=\"e-n-accordion-item-title-text\"> \u00bfTiene servicios para comunidades de propietarios? <\/div><\/span>\n\t\t\t\t\t\t\t<span class='e-n-accordion-item-title-icon'>\n\t\t\t<span class='e-opened' ><svg aria-hidden=\"true\" class=\"e-font-icon-svg e-fas-chevron-up\" viewBox=\"0 0 448 512\" xmlns=\"http:\/\/www.w3.org\/2000\/svg\"><path d=\"M240.971 130.524l194.343 194.343c9.373 9.373 9.373 24.569 0 33.941l-22.667 22.667c-9.357 9.357-24.522 9.375-33.901.04L224 227.495 69.255 381.516c-9.379 9.335-24.544 9.317-33.901-.04l-22.667-22.667c-9.373-9.373-9.373-24.569 0-33.941L207.03 130.525c9.372-9.373 24.568-9.373 33.941-.001z\"><\/path><\/svg><\/span>\n\t\t\t<span class='e-closed'><svg aria-hidden=\"true\" class=\"e-font-icon-svg e-fas-chevron-down\" viewBox=\"0 0 448 512\" xmlns=\"http:\/\/www.w3.org\/2000\/svg\"><path d=\"M207.029 381.476L12.686 187.132c-9.373-9.373-9.373-24.569 0-33.941l22.667-22.667c9.357-9.357 24.522-9.375 33.901-.04L224 284.505l154.745-154.021c9.379-9.335 24.544-9.317 33.901.04l22.667 22.667c9.373 9.373 9.373 24.569 0 33.941L240.971 381.476c-9.373 9.372-24.569 9.372-33.942 0z\"><\/path><\/svg><\/span>\n\t\t<\/span>\n\n\t\t\t\t\t\t<\/summary>\n\t\t\t\t<div role=\"region\" aria-labelledby=\"e-n-accordion-item-1832\" class=\"elementor-element elementor-element-b3cd1ef e-con-full e-flex e-con e-child\" data-id=\"b3cd1ef\" data-element_type=\"container\" data-e-type=\"container\">\n\t\t<div role=\"region\" aria-labelledby=\"e-n-accordion-item-1832\" class=\"elementor-element elementor-element-3cf26fe e-flex e-con-boxed e-con e-child\" data-id=\"3cf26fe\" data-element_type=\"container\" data-e-type=\"container\" data-settings=\"{&quot;background_background&quot;:&quot;classic&quot;}\">\n\t\t\t\t\t<div class=\"e-con-inner\">\n\t\t\t\t<div class=\"elementor-element elementor-element-2e41d85 elementor-widget elementor-widget-text-editor\" data-id=\"2e41d85\" data-element_type=\"widget\" data-e-type=\"widget\" data-widget_type=\"text-editor.default\">\n\t\t\t\t<div class=\"elementor-widget-container\">\n\t\t\t\t\t\t\t\t\t<p data-start=\"628\" data-end=\"842\">Actualmente estamos centrados en la gesti\u00f3n de inmuebles individuales y patrimoniales, pero si tienes una necesidad espec\u00edfica, cont\u00e1ctanos y la valoraremos conjuntamente.<\/p>\t\t\t\t\t\t\t\t<\/div>\n\t\t\t\t<\/div>\n\t\t\t\t\t<\/div>\n\t\t\t\t<\/div>\n\t\t\t\t<\/div>\n\t\t\t\t\t<\/details>\n\t\t\t\t\t\t<details id=\"e-n-accordion-item-1833\" class=\"e-n-accordion-item\" >\n\t\t\t\t<summary class=\"e-n-accordion-item-title\" data-accordion-index=\"4\" tabindex=\"-1\" aria-expanded=\"false\" aria-controls=\"e-n-accordion-item-1833\" >\n\t\t\t\t\t<span class='e-n-accordion-item-title-header'><div class=\"e-n-accordion-item-title-text\"> \u00bfPuedo confiarle la gesti\u00f3n completa de mi piso de alquiler? <\/div><\/span>\n\t\t\t\t\t\t\t<span class='e-n-accordion-item-title-icon'>\n\t\t\t<span class='e-opened' ><svg aria-hidden=\"true\" class=\"e-font-icon-svg e-fas-chevron-up\" viewBox=\"0 0 448 512\" xmlns=\"http:\/\/www.w3.org\/2000\/svg\"><path d=\"M240.971 130.524l194.343 194.343c9.373 9.373 9.373 24.569 0 33.941l-22.667 22.667c-9.357 9.357-24.522 9.375-33.901.04L224 227.495 69.255 381.516c-9.379 9.335-24.544 9.317-33.901-.04l-22.667-22.667c-9.373-9.373-9.373-24.569 0-33.941L207.03 130.525c9.372-9.373 24.568-9.373 33.941-.001z\"><\/path><\/svg><\/span>\n\t\t\t<span class='e-closed'><svg aria-hidden=\"true\" class=\"e-font-icon-svg e-fas-chevron-down\" viewBox=\"0 0 448 512\" xmlns=\"http:\/\/www.w3.org\/2000\/svg\"><path d=\"M207.029 381.476L12.686 187.132c-9.373-9.373-9.373-24.569 0-33.941l22.667-22.667c9.357-9.357 24.522-9.375 33.901-.04L224 284.505l154.745-154.021c9.379-9.335 24.544-9.317 33.901.04l22.667 22.667c9.373 9.373 9.373 24.569 0 33.941L240.971 381.476c-9.373 9.372-24.569 9.372-33.942 0z\"><\/path><\/svg><\/span>\n\t\t<\/span>\n\n\t\t\t\t\t\t<\/summary>\n\t\t\t\t<div role=\"region\" aria-labelledby=\"e-n-accordion-item-1833\" class=\"elementor-element elementor-element-10ad49a e-con-full e-flex e-con e-child\" data-id=\"10ad49a\" data-element_type=\"container\" data-e-type=\"container\">\n\t\t<div role=\"region\" aria-labelledby=\"e-n-accordion-item-1833\" class=\"elementor-element elementor-element-c05798b e-flex e-con-boxed e-con e-child\" data-id=\"c05798b\" data-element_type=\"container\" data-e-type=\"container\" data-settings=\"{&quot;background_background&quot;:&quot;classic&quot;}\">\n\t\t\t\t\t<div class=\"e-con-inner\">\n\t\t\t\t<div class=\"elementor-element elementor-element-ca4f294 elementor-widget elementor-widget-text-editor\" data-id=\"ca4f294\" data-element_type=\"widget\" data-e-type=\"widget\" data-widget_type=\"text-editor.default\">\n\t\t\t\t<div class=\"elementor-widget-container\">\n\t\t\t\t\t\t\t\t\t<p data-start=\"420\" data-end=\"626\">Por supuesto. Nos encargamos de todo: desde la b\u00fasqueda de inquilinos hasta el seguimiento del cobro, mantenimiento y atenci\u00f3n de incidencias.<\/p>\t\t\t\t\t\t\t\t<\/div>\n\t\t\t\t<\/div>\n\t\t\t\t\t<\/div>\n\t\t\t\t<\/div>\n\t\t\t\t<\/div>\n\t\t\t\t\t<\/details>\n\t\t\t\t\t\t<details id=\"e-n-accordion-item-1834\" class=\"e-n-accordion-item\" >\n\t\t\t\t<summary class=\"e-n-accordion-item-title\" data-accordion-index=\"5\" tabindex=\"-1\" aria-expanded=\"false\" aria-controls=\"e-n-accordion-item-1834\" >\n\t\t\t\t\t<span class='e-n-accordion-item-title-header'><div class=\"e-n-accordion-item-title-text\"> \u00bfTrabaj\u00e1is solo en Barcelona? <\/div><\/span>\n\t\t\t\t\t\t\t<span class='e-n-accordion-item-title-icon'>\n\t\t\t<span class='e-opened' ><svg aria-hidden=\"true\" class=\"e-font-icon-svg e-fas-chevron-up\" viewBox=\"0 0 448 512\" xmlns=\"http:\/\/www.w3.org\/2000\/svg\"><path d=\"M240.971 130.524l194.343 194.343c9.373 9.373 9.373 24.569 0 33.941l-22.667 22.667c-9.357 9.357-24.522 9.375-33.901.04L224 227.495 69.255 381.516c-9.379 9.335-24.544 9.317-33.901-.04l-22.667-22.667c-9.373-9.373-9.373-24.569 0-33.941L207.03 130.525c9.372-9.373 24.568-9.373 33.941-.001z\"><\/path><\/svg><\/span>\n\t\t\t<span class='e-closed'><svg aria-hidden=\"true\" class=\"e-font-icon-svg e-fas-chevron-down\" viewBox=\"0 0 448 512\" xmlns=\"http:\/\/www.w3.org\/2000\/svg\"><path d=\"M207.029 381.476L12.686 187.132c-9.373-9.373-9.373-24.569 0-33.941l22.667-22.667c9.357-9.357 24.522-9.375 33.901-.04L224 284.505l154.745-154.021c9.379-9.335 24.544-9.317 33.901.04l22.667 22.667c9.373 9.373 9.373 24.569 0 33.941L240.971 381.476c-9.373 9.372-24.569 9.372-33.942 0z\"><\/path><\/svg><\/span>\n\t\t<\/span>\n\n\t\t\t\t\t\t<\/summary>\n\t\t\t\t<div role=\"region\" aria-labelledby=\"e-n-accordion-item-1834\" class=\"elementor-element elementor-element-ffa49ca e-con-full e-flex e-con e-child\" data-id=\"ffa49ca\" data-element_type=\"container\" data-e-type=\"container\">\n\t\t<div role=\"region\" aria-labelledby=\"e-n-accordion-item-1834\" class=\"elementor-element elementor-element-9aa569e e-flex e-con-boxed e-con e-child\" data-id=\"9aa569e\" data-element_type=\"container\" data-e-type=\"container\" data-settings=\"{&quot;background_background&quot;:&quot;classic&quot;}\">\n\t\t\t\t\t<div class=\"e-con-inner\">\n\t\t\t\t<div class=\"elementor-element elementor-element-73b8d56 elementor-widget elementor-widget-text-editor\" data-id=\"73b8d56\" data-element_type=\"widget\" data-e-type=\"widget\" data-widget_type=\"text-editor.default\">\n\t\t\t\t<div class=\"elementor-widget-container\">\n\t\t\t\t\t\t\t\t\t<p data-start=\"143\" data-end=\"374\">No. Aunque tenemos sede en Barcelona y conocemos muy bien su mercado inmobiliario, tambi\u00e9n ofrecemos servicios en otras zonas. Contacta con nosotros y te informaremos seg\u00fan la ubicaci\u00f3n de tu inmueble.<\/p>\t\t\t\t\t\t\t\t<\/div>\n\t\t\t\t<\/div>\n\t\t\t\t\t<\/div>\n\t\t\t\t<\/div>\n\t\t\t\t<\/div>\n\t\t\t\t\t<\/details>\n\t\t\t\t\t<\/div>\n\t\t\t\t\t\t<\/div>\n\t\t\t\t<\/div>\n\t\t\t\t\t<\/div>\n\t\t\t\t<\/div>\n\t\t\t\t<\/div>\n\t\t","protected":false},"excerpt":{"rendered":"<p>FAQ&#8217;s Consultas m\u00e1s frecuentes \u00bfQu\u00e9 coste tienen sus servicios? En NLL Gesti\u00f3 trabajamos con presupuestos personalizados, ya que cada cliente y cada inmueble tienen necesidades diferentes. El coste del servicio puede variar en funci\u00f3n de factores como el tipo de inmueble, su ubicaci\u00f3n, si se trata de una gesti\u00f3n puntual o integral, o si incluye [&hellip;]<\/p>\n","protected":false},"author":1,"featured_media":249,"parent":0,"menu_order":0,"comment_status":"closed","ping_status":"closed","template":"elementor_header_footer","meta":{"footnotes":""},"class_list":["post-276","page","type-page","status-publish","has-post-thumbnail","hentry"],"yoast_head":"<!-- This site is optimized with the Yoast SEO plugin v27.3 - https:\/\/yoast.com\/product\/yoast-seo-wordpress\/ -->\n<title>FAQ&#039;s inmobiliaria Barcelona - NLL Gesti\u00f3<\/title>\n<meta name=\"description\" content=\"FAQs inmobiliaria Barcelona, \u200b\u200bNLL Gesti\u00f3: respuestas claras sobre servicios, tarifas y funcionamiento. Inf\u00f3rmate f\u00e1cilmente con nosotros.\" \/>\n<meta name=\"robots\" content=\"index, follow, max-snippet:-1, max-image-preview:large, max-video-preview:-1\" \/>\n<link rel=\"canonical\" href=\"https:\/\/nll.cat\/es\/faqs\/\" \/>\n<meta property=\"og:locale\" content=\"es_ES\" \/>\n<meta property=\"og:type\" content=\"article\" \/>\n<meta property=\"og:title\" content=\"FAQ&#039;s inmobiliaria Barcelona - NLL Gesti\u00f3\" \/>\n<meta property=\"og:description\" content=\"FAQs inmobiliaria Barcelona, \u200b\u200bNLL Gesti\u00f3: respuestas claras sobre servicios, tarifas y funcionamiento. Inf\u00f3rmate f\u00e1cilmente con nosotros.\" \/>\n<meta property=\"og:url\" content=\"https:\/\/nll.cat\/es\/faqs\/\" \/>\n<meta property=\"og:site_name\" content=\"NLL Gesti\u00f3\" \/>\n<meta property=\"article:modified_time\" content=\"2025-06-06T10:29:19+00:00\" \/>\n<meta property=\"og:image\" content=\"https:\/\/nll.cat\/wp-content\/uploads\/2025\/06\/nll-gestio-favicon-1.png\" \/>\n\t<meta property=\"og:image:width\" content=\"188\" \/>\n\t<meta property=\"og:image:height\" content=\"188\" \/>\n\t<meta property=\"og:image:type\" content=\"image\/png\" \/>\n<meta name=\"twitter:card\" content=\"summary_large_image\" \/>\n<meta name=\"twitter:label1\" content=\"Tiempo de lectura\" \/>\n\t<meta name=\"twitter:data1\" content=\"2 minutos\" \/>\n<script type=\"application\/ld+json\" class=\"yoast-schema-graph\">{\"@context\":\"https:\\\/\\\/schema.org\",\"@graph\":[{\"@type\":\"WebPage\",\"@id\":\"https:\\\/\\\/nll.cat\\\/es\\\/faqs\\\/\",\"url\":\"https:\\\/\\\/nll.cat\\\/es\\\/faqs\\\/\",\"name\":\"FAQ's inmobiliaria Barcelona - NLL Gesti\u00f3\",\"isPartOf\":{\"@id\":\"https:\\\/\\\/nll.cat\\\/es\\\/#website\"},\"primaryImageOfPage\":{\"@id\":\"https:\\\/\\\/nll.cat\\\/es\\\/faqs\\\/#primaryimage\"},\"image\":{\"@id\":\"https:\\\/\\\/nll.cat\\\/es\\\/faqs\\\/#primaryimage\"},\"thumbnailUrl\":\"https:\\\/\\\/nll.cat\\\/wp-content\\\/uploads\\\/2025\\\/06\\\/nll-gestio-favicon-1.png\",\"datePublished\":\"2025-06-04T09:51:05+00:00\",\"dateModified\":\"2025-06-06T10:29:19+00:00\",\"description\":\"FAQs inmobiliaria Barcelona, \u200b\u200bNLL Gesti\u00f3: respuestas claras sobre servicios, tarifas y funcionamiento. Inf\u00f3rmate f\u00e1cilmente con nosotros.\",\"breadcrumb\":{\"@id\":\"https:\\\/\\\/nll.cat\\\/es\\\/faqs\\\/#breadcrumb\"},\"inLanguage\":\"es\",\"potentialAction\":[{\"@type\":\"ReadAction\",\"target\":[\"https:\\\/\\\/nll.cat\\\/es\\\/faqs\\\/\"]}]},{\"@type\":\"ImageObject\",\"inLanguage\":\"es\",\"@id\":\"https:\\\/\\\/nll.cat\\\/es\\\/faqs\\\/#primaryimage\",\"url\":\"https:\\\/\\\/nll.cat\\\/wp-content\\\/uploads\\\/2025\\\/06\\\/nll-gestio-favicon-1.png\",\"contentUrl\":\"https:\\\/\\\/nll.cat\\\/wp-content\\\/uploads\\\/2025\\\/06\\\/nll-gestio-favicon-1.png\",\"width\":188,\"height\":188},{\"@type\":\"BreadcrumbList\",\"@id\":\"https:\\\/\\\/nll.cat\\\/es\\\/faqs\\\/#breadcrumb\",\"itemListElement\":[{\"@type\":\"ListItem\",\"position\":1,\"name\":\"Inici\",\"item\":\"https:\\\/\\\/nll.cat\\\/es\\\/\"},{\"@type\":\"ListItem\",\"position\":2,\"name\":\"FAQ&#8217;s\"}]},{\"@type\":\"WebSite\",\"@id\":\"https:\\\/\\\/nll.cat\\\/es\\\/#website\",\"url\":\"https:\\\/\\\/nll.cat\\\/es\\\/\",\"name\":\"NLL Gesti\u00f3\",\"description\":\"Gesti\u00f3 immobiliaria professional\",\"publisher\":{\"@id\":\"https:\\\/\\\/nll.cat\\\/es\\\/#organization\"},\"potentialAction\":[{\"@type\":\"SearchAction\",\"target\":{\"@type\":\"EntryPoint\",\"urlTemplate\":\"https:\\\/\\\/nll.cat\\\/es\\\/?s={search_term_string}\"},\"query-input\":{\"@type\":\"PropertyValueSpecification\",\"valueRequired\":true,\"valueName\":\"search_term_string\"}}],\"inLanguage\":\"es\"},{\"@type\":\"Organization\",\"@id\":\"https:\\\/\\\/nll.cat\\\/es\\\/#organization\",\"name\":\"NLL Gesti\u00f3\",\"url\":\"https:\\\/\\\/nll.cat\\\/es\\\/\",\"logo\":{\"@type\":\"ImageObject\",\"inLanguage\":\"es\",\"@id\":\"https:\\\/\\\/nll.cat\\\/es\\\/#\\\/schema\\\/logo\\\/image\\\/\",\"url\":\"https:\\\/\\\/nll.cat\\\/wp-content\\\/uploads\\\/2025\\\/06\\\/NLL-Gestio-logotip-nebre.png\",\"contentUrl\":\"https:\\\/\\\/nll.cat\\\/wp-content\\\/uploads\\\/2025\\\/06\\\/NLL-Gestio-logotip-nebre.png\",\"width\":389,\"height\":150,\"caption\":\"NLL Gesti\u00f3\"},\"image\":{\"@id\":\"https:\\\/\\\/nll.cat\\\/es\\\/#\\\/schema\\\/logo\\\/image\\\/\"}}]}<\/script>\n<!-- \/ Yoast SEO plugin. -->","yoast_head_json":{"title":"FAQ's inmobiliaria Barcelona - NLL Gesti\u00f3","description":"FAQs inmobiliaria Barcelona, \u200b\u200bNLL Gesti\u00f3: respuestas claras sobre servicios, tarifas y funcionamiento. Inf\u00f3rmate f\u00e1cilmente con nosotros.","robots":{"index":"index","follow":"follow","max-snippet":"max-snippet:-1","max-image-preview":"max-image-preview:large","max-video-preview":"max-video-preview:-1"},"canonical":"https:\/\/nll.cat\/es\/faqs\/","og_locale":"es_ES","og_type":"article","og_title":"FAQ's inmobiliaria Barcelona - NLL Gesti\u00f3","og_description":"FAQs inmobiliaria Barcelona, \u200b\u200bNLL Gesti\u00f3: respuestas claras sobre servicios, tarifas y funcionamiento. Inf\u00f3rmate f\u00e1cilmente con nosotros.","og_url":"https:\/\/nll.cat\/es\/faqs\/","og_site_name":"NLL Gesti\u00f3","article_modified_time":"2025-06-06T10:29:19+00:00","og_image":[{"width":188,"height":188,"url":"https:\/\/nll.cat\/wp-content\/uploads\/2025\/06\/nll-gestio-favicon-1.png","type":"image\/png"}],"twitter_card":"summary_large_image","twitter_misc":{"Tiempo de lectura":"2 minutos"},"schema":{"@context":"https:\/\/schema.org","@graph":[{"@type":"WebPage","@id":"https:\/\/nll.cat\/es\/faqs\/","url":"https:\/\/nll.cat\/es\/faqs\/","name":"FAQ's inmobiliaria Barcelona - NLL Gesti\u00f3","isPartOf":{"@id":"https:\/\/nll.cat\/es\/#website"},"primaryImageOfPage":{"@id":"https:\/\/nll.cat\/es\/faqs\/#primaryimage"},"image":{"@id":"https:\/\/nll.cat\/es\/faqs\/#primaryimage"},"thumbnailUrl":"https:\/\/nll.cat\/wp-content\/uploads\/2025\/06\/nll-gestio-favicon-1.png","datePublished":"2025-06-04T09:51:05+00:00","dateModified":"2025-06-06T10:29:19+00:00","description":"FAQs inmobiliaria Barcelona, \u200b\u200bNLL Gesti\u00f3: respuestas claras sobre servicios, tarifas y funcionamiento. Inf\u00f3rmate f\u00e1cilmente con nosotros.","breadcrumb":{"@id":"https:\/\/nll.cat\/es\/faqs\/#breadcrumb"},"inLanguage":"es","potentialAction":[{"@type":"ReadAction","target":["https:\/\/nll.cat\/es\/faqs\/"]}]},{"@type":"ImageObject","inLanguage":"es","@id":"https:\/\/nll.cat\/es\/faqs\/#primaryimage","url":"https:\/\/nll.cat\/wp-content\/uploads\/2025\/06\/nll-gestio-favicon-1.png","contentUrl":"https:\/\/nll.cat\/wp-content\/uploads\/2025\/06\/nll-gestio-favicon-1.png","width":188,"height":188},{"@type":"BreadcrumbList","@id":"https:\/\/nll.cat\/es\/faqs\/#breadcrumb","itemListElement":[{"@type":"ListItem","position":1,"name":"Inici","item":"https:\/\/nll.cat\/es\/"},{"@type":"ListItem","position":2,"name":"FAQ&#8217;s"}]},{"@type":"WebSite","@id":"https:\/\/nll.cat\/es\/#website","url":"https:\/\/nll.cat\/es\/","name":"NLL Gesti\u00f3","description":"Gesti\u00f3 immobiliaria professional","publisher":{"@id":"https:\/\/nll.cat\/es\/#organization"},"potentialAction":[{"@type":"SearchAction","target":{"@type":"EntryPoint","urlTemplate":"https:\/\/nll.cat\/es\/?s={search_term_string}"},"query-input":{"@type":"PropertyValueSpecification","valueRequired":true,"valueName":"search_term_string"}}],"inLanguage":"es"},{"@type":"Organization","@id":"https:\/\/nll.cat\/es\/#organization","name":"NLL Gesti\u00f3","url":"https:\/\/nll.cat\/es\/","logo":{"@type":"ImageObject","inLanguage":"es","@id":"https:\/\/nll.cat\/es\/#\/schema\/logo\/image\/","url":"https:\/\/nll.cat\/wp-content\/uploads\/2025\/06\/NLL-Gestio-logotip-nebre.png","contentUrl":"https:\/\/nll.cat\/wp-content\/uploads\/2025\/06\/NLL-Gestio-logotip-nebre.png","width":389,"height":150,"caption":"NLL Gesti\u00f3"},"image":{"@id":"https:\/\/nll.cat\/es\/#\/schema\/logo\/image\/"}}]}},"_links":{"self":[{"href":"https:\/\/nll.cat\/es\/wp-json\/wp\/v2\/pages\/276","targetHints":{"allow":["GET"]}}],"collection":[{"href":"https:\/\/nll.cat\/es\/wp-json\/wp\/v2\/pages"}],"about":[{"href":"https:\/\/nll.cat\/es\/wp-json\/wp\/v2\/types\/page"}],"author":[{"embeddable":true,"href":"https:\/\/nll.cat\/es\/wp-json\/wp\/v2\/users\/1"}],"replies":[{"embeddable":true,"href":"https:\/\/nll.cat\/es\/wp-json\/wp\/v2\/comments?post=276"}],"version-history":[{"count":1,"href":"https:\/\/nll.cat\/es\/wp-json\/wp\/v2\/pages\/276\/revisions"}],"predecessor-version":[{"id":277,"href":"https:\/\/nll.cat\/es\/wp-json\/wp\/v2\/pages\/276\/revisions\/277"}],"wp:featuredmedia":[{"embeddable":true,"href":"https:\/\/nll.cat\/es\/wp-json\/wp\/v2\/media\/249"}],"wp:attachment":[{"href":"https:\/\/nll.cat\/es\/wp-json\/wp\/v2\/media?parent=276"}],"curies":[{"name":"wp","href":"https:\/\/api.w.org\/{rel}","templated":true}]}}